{"id":3511,"date":"2023-03-20T11:15:24","date_gmt":"2023-03-20T11:15:24","guid":{"rendered":"https:\/\/larraneta.com\/?page_id=3511"},"modified":"2023-03-20T12:49:12","modified_gmt":"2023-03-20T12:49:12","slug":"higiezin-zerbitzua","status":"publish","type":"page","link":"https:\/\/larraneta.com\/eu\/higiezin-zerbitzua","title":{"rendered":"HIGIEZIN-ZERBITZUA"},"content":{"rendered":"<div class=\"wpb-content-wrapper\"><div class=\"vc_row wpb_row vc_row-fluid\" ><div class=\"wpb_column vc_column_container vc_col-sm-12\"><div class=\"vc_column-inner\"><div class=\"wpb_wrapper\"><div class=\"mkdf-property-list-holder mkdf-pl-gallery mkdf-pl-layout-standard  mkdf-small-space mkdf-pl-with-map mkdf-pl-with-filter     mkdf-pl-active-filter-hidden mkdf-pl-properties-not-found mkdf-pl-four-columns mkdf-pl-pag-no-pagination\"  data-type=\"gallery\" data-item-layout=\"standard\" data-number-of-columns=\"4\" data-space-between-items=\"small\" data-number-of-items=\"40\" data-enable-fixed-proportions=\"no\" data-image-proportions=\"full\" data-hide-active-filter=\"yes\" data-order-by=\"menu_order\" data-order=\"ASC\" data-title-tag=\"h5\" data-pagination-type=\"no-pagination\" data-property-slider-on=\"no\" data-enable-loop=\"yes\" data-enable-autoplay=\"yes\" data-slider-speed=\"5000\" data-slider-speed-animation=\"600\" data-enable-navigation=\"no\" data-enable-compare=\"no\" data-enable-map=\"yes\" data-enable-filter=\"yes\" data-enable-pagination=\"no\" data-max-num-pages=\"0\" data-next-page=\"2\">\n    <div class=\"mkdf-property-list-map-part\">\n    <script type=\"text\/template\" class=\"mkdf-info-window-template\">\n\t\t\t\t<div class=\"mkdf-info-window\">\n\t\t\t\t\t<div class=\"mkdf-info-window-inner\">\n\t\t\t\t\t\t<a href=\"<%= itemUrl %>\"><\/a>\n\t\t\t\t\t\t<% if ( featuredImage ) { %>\n\t\t\t\t\t\t\t<div class=\"mkdf-info-window-image\">\n\t\t\t\t\t\t\t\t<img decoding=\"async\" src=\"<%= featuredImage[0] %>\" alt=\"<%= title %>\" width=\"<%= featuredImage[1] %>\" height=\"<%= featuredImage[2] %>\">\n\t\t\t\t\t\t\t<\/div>\n\t\t\t\t\t\t<% } %>\n\t\t\t\t\t\t<div class=\"mkdf-info-window-details\">\n\t\t\t\t\t\t\t<h5>\n\t\t\t\t\t\t\t\t<%= title %>\n\t\t\t\t\t\t\t<\/h5>\n\t\t\t\t\t\t\t<p><%= address %><\/p>\n\t\t\t\t\t\t<\/div>\n\t\t\t\t\t<\/div>\n\t\t\t\t<\/div>\n\t\t\t<\/script><script type=\"text\/template\" class=\"mkdf-marker-template\">\n\t\t\t\t<div class=\"mkdf-map-marker\">\n\t\t\t\t\t<div class=\"mkdf-map-marker-inner\">\n\t\t\t\t\t<%= pin %>\n\t\t\t\t\t\t<svg version=\"1.1\" id=\"Layer_1\" xmlns=\"http:\/\/www.w3.org\/2000\/svg\" xmlns:xlink=\"http:\/\/www.w3.org\/1999\/xlink\" x=\"0px\" y=\"0px\"\n                             width=\"594.657px\" height=\"832.35px\" viewBox=\"0 0 594.657 832.35\" enable-background=\"new 0 0 594.657 832.35\"\n                             xml:space=\"preserve\">\n                            <path fill=\"#B2292E\" d=\"M507.572,87.086C451.414,30.928,376.748,0,297.329,0S143.244,30.928,87.086,87.086S0,217.91,0,297.33\n                                c0,37.328,8.104,75.127,24.773,115.561c13.006,31.545,31.131,64.504,57.041,103.725l82.887,125.467l113.352,180.572\n                                c4.189,6.676,11.396,10.66,19.276,10.66c7.881,0,15.087-3.984,19.276-10.66l113.319-180.521l82.919-125.518\n                                c25.911-39.221,44.035-72.18,57.041-103.725c16.67-40.434,24.772-78.232,24.772-115.561\n                                C594.657,217.91,563.729,143.244,507.572,87.086z\" class=\"pin-color\"\/>\n                            <path fill=\"#010101\" d=\"M457.477,262.824L303.686,139.79c-4.277-2.983-8.552-2.983-12.817,0l-55.108,44.215v-25.632\n                                c0-5.547-2.033-10.352-6.086-14.418c-4.066-4.056-8.872-6.088-14.419-6.088c-5.557,0-10.362,2.032-14.418,6.088\n                                c-4.065,4.066-6.088,8.871-6.088,14.418v58.313l-57.672,46.139c-5.126,4.274-5.657,9.08-1.602,14.418\n                                c4.056,5.345,8.86,6.086,14.418,2.241l24.349-19.863v144.818c0,5.547,2.024,10.354,6.089,14.418\n                                c4.055,4.056,8.86,6.089,14.418,6.089h61.517c5.547,0,10.353-2.033,14.418-6.089c4.056-4.063,6.087-8.871,6.087-14.418v-82.021\n                                h41.013v82.021c0,5.547,2.022,10.354,6.086,14.418c4.056,4.056,8.86,6.089,14.418,6.089h61.517c5.547,0,10.353-2.033,14.418-6.089\n                                c4.056-4.063,6.089-8.871,6.089-14.418V259.62l24.349,19.863c1.702,1.281,3.845,1.924,6.408,1.924c3.415,0,6.188-1.283,8.33-3.845\n                                C463.242,272.016,462.603,267.099,457.477,262.824z\" class=\"house-color\"\/>\n                        <\/svg>\n\t\t\t\t\t<\/div>\n\t\t\t\t<\/div>\n\t\t\t<\/script><div id=\"mkdf-re-multiple-map-holder\"><\/div><\/div>\n    <div class=\"mkdf-property-list-items-part\">\n            <div class=\"mkdf-property-list-filter-part\">\n        <div class=\"mkdf-filter-row mkdf-filter-section-st\">\n            <div class=\"mkdf-filter-section mkdf-filter-section-3 mkdf-section-status\">\n    <div class=\"mkdf-filter-status-holder\" data-default-status=\"\" data-status=\"\">\n        <div class=\"mkdf-filter-property-icon\">\n            <span aria-hidden=\"true\" class=\"mkdf-icon-ion-icon ion-ios-compose-outline\"><\/span>\n        <\/div>\n        <select class=\"mkdf-filter-statuses\">\n            <option value=\"\">Jabetza guztiak <\/option>\n                            <option  value=\"143\">Alokairua<\/option>\n                            <option  value=\"146\">Salmentan<\/option>\n                            <option  value=\"149\">Salduta<\/option>\n                    <\/select>\n    <\/div>\n<\/div>\n            <div class=\"mkdf-filter-section mkdf-filter-section-9 mkdf-section-type\">\n    <div class=\"mkdf-filter-type-holder\" data-default-type=\"\" data-type=\"\">\n        <div class=\"mkdf-property-type-list-holder mkdf-tiny-space  mkdf-ptl-six-columns\">\n    <ul class=\"mkdf-ptl-inner mkdf-outer-space clearfix\">\n        <li class=\"mkdf-ptl-item mkdf-item-space\" data-id=\"152\">\n    <div class=\"mkdf-ptl-item-inner\">\n        <div class=\"mkdf-ptl-item-image\">\n            <span class=\"mkdf-taxonomy-image\"><img decoding=\"async\" src=\"https:\/\/larraneta.com\/wp-content\/uploads\/2017\/10\/type-5-img.png\" alt=\"Taxonomy Custom Icon\"><\/span>    <\/div>\n<div class=\"mkdf-ptl-item-title\">\n    Pisua<\/div>        <a itemprop=\"url\" class=\"mkdf-ptl-item-link\" href=\"https:\/\/larraneta.com\/eu\/archivos\/property-type\/pisua\" target=\"_self\"><\/a>\n    <\/div>\n<\/li><li class=\"mkdf-ptl-item mkdf-item-space\" data-id=\"155\">\n    <div class=\"mkdf-ptl-item-inner\">\n        <div class=\"mkdf-ptl-item-image\">\n            <span class=\"mkdf-taxonomy-image\"><img decoding=\"async\" src=\"https:\/\/larraneta.com\/wp-content\/uploads\/2017\/10\/type-6-img.png\" alt=\"Taxonomy Custom Icon\"><\/span>    <\/div>\n<div class=\"mkdf-ptl-item-title\">\n    Etxea<\/div>        <a itemprop=\"url\" class=\"mkdf-ptl-item-link\" href=\"https:\/\/larraneta.com\/eu\/archivos\/property-type\/etxea\" target=\"_self\"><\/a>\n    <\/div>\n<\/li><li class=\"mkdf-ptl-item mkdf-item-space\" data-id=\"158\">\n    <div class=\"mkdf-ptl-item-inner\">\n        <div class=\"mkdf-ptl-item-image\">\n            <span class=\"mkdf-taxonomy-image\"><img decoding=\"async\" src=\"https:\/\/larraneta.com\/wp-content\/uploads\/2017\/10\/type-2-img.png\" alt=\"Taxonomy Custom Icon\"><\/span>    <\/div>\n<div class=\"mkdf-ptl-item-title\">\n    Lokalak<\/div>        <a itemprop=\"url\" class=\"mkdf-ptl-item-link\" href=\"https:\/\/larraneta.com\/eu\/archivos\/property-type\/lokalak\" target=\"_self\"><\/a>\n    <\/div>\n<\/li><li class=\"mkdf-ptl-item mkdf-item-space\" data-id=\"161\">\n    <div class=\"mkdf-ptl-item-inner\">\n        <div class=\"mkdf-ptl-item-image\">\n            <span class=\"mkdf-taxonomy-image\"><img decoding=\"async\" src=\"https:\/\/larraneta.com\/wp-content\/uploads\/2017\/10\/type-3-img.png\" alt=\"Taxonomy Custom Icon\"><\/span>    <\/div>\n<div class=\"mkdf-ptl-item-title\">\n    Bestelakoak<\/div>        <a itemprop=\"url\" class=\"mkdf-ptl-item-link\" href=\"https:\/\/larraneta.com\/eu\/archivos\/property-type\/bestelakoak\" target=\"_self\"><\/a>\n    <\/div>\n<\/li><li class=\"mkdf-ptl-item mkdf-item-space\" data-id=\"164\">\n    <div class=\"mkdf-ptl-item-inner\">\n        <div class=\"mkdf-ptl-item-image\">\n            <span class=\"mkdf-taxonomy-image\"><img decoding=\"async\" src=\"https:\/\/larraneta.com\/wp-content\/uploads\/2022\/07\/icon-terreno-black.png\" alt=\"Taxonomy Custom Icon\"><\/span>    <\/div>\n<div class=\"mkdf-ptl-item-title\">\n    Lursaila<\/div>        <a itemprop=\"url\" class=\"mkdf-ptl-item-link\" href=\"https:\/\/larraneta.com\/eu\/archivos\/property-type\/lursaila\" target=\"_self\"><\/a>\n    <\/div>\n<\/li>    <\/ul>\n<\/div>    <\/div>\n<\/div>\n        <\/div>\n        <div class=\"mkdf-filter-row mkdf-filter-section-csp\">\n            <div class=\"mkdf-filter-section mkdf-filter-section-3 mkdf-section-city\">\n    <div class=\"mkdf-filter-city-holder\" data-default-city=\"\" data-city=\"\">\n        <label for=\"mkdf-filter-city\">Choose a location<\/label>\n        <div class=\"mkdf-filter-property-icon\">\n            <span aria-hidden=\"true\" class=\"mkdf-icon-ion-icon ion-ios-location-outline\"><\/span>\n        <\/div>\n        <select id=\"mkdf-filter-city\" name=\"mkdf-filter-city\" class=\"mkdf-filter-cities\">\n            <option value=\"\">Kokapen guztiak<\/option>\n                            <option  value=\"131\">Sang\u00fcesa<\/option>\n                            <option  value=\"133\">Rocaforte<\/option>\n                            <option  value=\"135\">Gabarderal<\/option>\n                    <\/select>\n    <\/div>\n<\/div>\n            <div class=\"mkdf-filter-section mkdf-filter-section-3 mkdf-section-size\">\n    <div class=\"mkdf-filter-size-holder\" data-size-min=\"\" data-size-max=\"\">\n        <label>Size<\/label>\n        <div class=\"mkdf-inputs-holder clearfix\">\n            <span class=\"mkdf-input-min-size\">\n                <input type=\"text\" class=\"mkdf-min-size\" name=\"mkdf-min-size\" placeholder=\"Min\" value=\"\" \/>\n                <span class=\"mkdf-sufix mkdf-min-sufix\">m2<\/span>\n            <\/span>\n            <span class=\"mkdf-input-max-size\">\n                <input type=\"text\" class=\"mkdf-max-size\" name=\"mkdf-max-size\" placeholder=\"Max\" value=\"\" \/>\n                <span class=\"mkdf-sufix mkdf-max-sufix\">m2<\/span>\n            <\/span>\n        <\/div>\n    <\/div>\n<\/div>            <div class=\"mkdf-filter-section mkdf-filter-section-6 mkdf-section-price\">\n    <div class=\"mkdf-filter-price-holder\" data-price-label-setting=\"\u20ac\" data-max-price-setting=\"200000\">\n        <div class=\"mkdf-range-slider-response-holder\">\n            <span>Price range: <\/span>\n            <span id=\"mkdf-min-price-label\">From<\/span>\n            <span id=\"mkdf-min-price-value\" data-min-price=\"0\">\u20ac0<\/span>\n            <span id=\"mkdf-max-price-label\">to<\/span>\n            <span id=\"mkdf-max-price-value\" data-max-price=\"200000\">\u20ac200000<\/span>\n        <\/div>\n        <div class=\"mkdf-range-slider-wrapper\">\n            <div class=\"mkdf-range-slider\"><\/div>\n        <\/div>\n    <\/div>\n<\/div>        <\/div>\n        <div class=\"mkdf-filter-row mkdf-filter-section-sf\">\n            <div class=\"mkdf-filter-section mkdf-filter-section-3 mkdf-section-spec\">\n    <div class=\"mkdf-filter-specification-holder\">\n        <div class=\"mkdf-quantity-buttons quantity\">\n            <label for=\"mkdf-specification-bedrooms\">Bedrooms<\/label>\n            <span class=\"mkdf-quantity-wrapper\">\n                <span class=\"mkdf-spec-quantity-minus icon_minus-06\"><\/span>\n                <input type=\"text\" id=\"mkdf-specification-bedrooms\" class=\"input-text qty text mkdf-spec-quantity-input\" data-step=\"1\" data-min=\"0\" data-max=\"10\" name=\"mkdf-specification-bedrooms\" value=\"0\" title=\"Property bedrooms\" size=\"2\" \/>\n                <span class=\"mkdf-spec-quantity-plus icon_plus\"><\/span>\n            <\/span>\n        <\/div>\n        <div class=\"mkdf-quantity-buttons quantity\">\n            <label for=\"mkdf-specification-bathrooms\">Bathrooms<\/label>\n            <span class=\"mkdf-quantity-wrapper\">\n                <span class=\"mkdf-spec-quantity-minus icon_minus-06\"><\/span>\n                <input id=\"mkdf-specification-bathrooms\" type=\"text\" class=\"input-text qty text mkdf-spec-quantity-input\" data-step=\"1\" data-min=\"0\" data-max=\"10\" name=\"mkdf-specification-bathrooms\" value=\"0\" title=\"Property bathrooms\" size=\"2\" \/>\n                <span class=\"mkdf-spec-quantity-plus icon_plus\"><\/span>\n            <\/span>\n        <\/div>\n    <\/div>\n<\/div>            <div class=\"mkdf-filter-section mkdf-filter-section-9 mkdf-section-features\">\n    <div class=\"mkdf-filter-features-holder\">\n        <div class=\"mkdf-filter-features-wrapper clearfix\">\n                    <\/div>\n    <\/div>\n<\/div>\n        <\/div>\n        <div class=\"mkdf-filter-row mkdf-filter-section-action\">\n            <button type=\"submit\"  class=\"mkdf-btn mkdf-btn-medium mkdf-btn-solid mkdf-property-filter-button\"  >    <span class=\"mkdf-btn-text\">Filter Results<\/span>    <\/button><span class=\"mkdf-property-query-section\">\n    <button type=\"submit\" style=\"color: #000000\" class=\"mkdf-btn mkdf-btn-medium mkdf-btn-outline mkdf-btn-custom-hover-color mkdf-property-save-search-button\" data-hover-color=\"#000000\" >    <span class=\"mkdf-btn-text\">Save Search<\/span>    <\/button>    <span class=\"mkdf-query-result\">\n\n    <\/span>\n<\/span>\n<span class=\"mkdf-reset-filter-section\">\n    <button type=\"submit\"  class=\"mkdf-btn mkdf-btn-medium mkdf-btn-simple mkdf-btn-icon mkdf-property-filter-reset-button\"  >    <span class=\"mkdf-btn-text\">Reset<\/span>    <span aria-hidden=\"true\" class=\"mkdf-icon-font-elegant arrow_carrot-right\" ><\/span><\/button><\/span>        <\/div>\n    <\/div>\n    <div class=\"mkdf-pl-filter-loading\">\n    <div class=\"mkdf-pl-loading-bounce1\"><\/div>\n    <div class=\"mkdf-pl-loading-bounce2\"><\/div>\n    <div class=\"mkdf-pl-loading-bounce3\"><\/div>\n<\/div>        <div class=\"mkdf-pl-inner mkdf-outer-space  clearfix\">\n            <p class=\"mkdf-pl-not-found\">No properties found.<\/p>        <\/div>\n            <\/div>\n<\/div><\/div><\/div><\/div><\/div><div data-parallax-bg-image=\"\" data-parallax-bg-speed=\"1\" class=\"vc_row wpb_row vc_row-fluid vc_custom_1661167151766 mkdf-parallax-row-holder mkdf-content-aligment-left\" ><div class=\"wpb_column vc_column_container vc_col-sm-6\"><div class=\"vc_column-inner\"><div class=\"wpb_wrapper\"><div class=\"mkdf-elements-holder   mkdf-two-columns  mkdf-responsive-mode-768\" ><div class=\"mkdf-eh-item\"  data-item-class=\"mkdf-eh-custom-7236\">\n\t<div class=\"mkdf-eh-item-inner\">\n\t\t<div class=\"mkdf-eh-item-content mkdf-eh-custom-7236\" >\n\t\t\t<div class=\"mkdf-call-to-action-holder  mkdf-simple-layout\">\n\t<div class=\"mkdf-cta-inner\">\n\t\t<div class=\"mkdf-cta-text-holder\">\n\t\t\t<div class=\"mkdf-cta-text\">\n<h3>Zure etxea saldu nahi al duzu? Gu arduratuko gara guztiaz.<\/h3>\n<\/div>\n\t\t<\/div>\n\t\t<div class=\"mkdf-cta-button-holder\" >\n\t\t\t<div class=\"mkdf-cta-button\"><a itemprop=\"url\" href=\"https:\/\/larraneta.com\/eu\/aholkularitza\" target=\"_self\" style=\"color: #ffffff\" class=\"mkdf-btn mkdf-btn-medium mkdf-btn-solid\"  >    <span class=\"mkdf-btn-text\">AHOLKULARITZA ETA ZERBITZUAK<\/span>    <\/a><\/div>\n\t\t<\/div>\n\t<\/div>\n<\/div>\t\t<\/div>\n\t<\/div>\n<\/div><\/div><\/div><\/div><\/div><\/div>\n<\/div>","protected":false},"excerpt":{"rendered":"Jabetza guztiak Alokairua Salmentan Salduta Pisua Etxea Lokalak Bestelakoak Lursaila Choose a location Kokapen guztiak Sang\u00fcesa Rocaforte Gabarderal Size m2 m2 Price range: From \u20ac0 to \u20ac200000 Bedrooms Bathrooms Filter Results Save Search Reset No properties found. Zure etxea saldu nahi al duzu? Gu arduratuko [...]","protected":false},"author":1,"featured_media":0,"parent":0,"menu_order":0,"comment_status":"closed","ping_status":"closed","template":"full-width.php","meta":{"om_disable_all_campaigns":false,"_monsterinsights_skip_tracking":false,"_monsterinsights_sitenote_active":false,"_monsterinsights_sitenote_note":"","_monsterinsights_sitenote_category":0,"_uf_show_specific_survey":0,"_uf_disable_surveys":false,"footnotes":""},"aioseo_notices":[],"yoast_head":"<!-- This site is optimized with the Yoast SEO plugin v23.4 - https:\/\/yoast.com\/wordpress\/plugins\/seo\/ -->\n<title>Inmobiliaria Larra\u00f1eta en Sang\u00fcesa Navarra Pisos Casas D\u00faplex Terrenos Parcelas Fincas<\/title>\n<meta name=\"description\" content=\"Inmobiliaria Larra\u00f1eta en Sang\u00fcesa Navarra en venta en alquiler Pisos Casas D\u00faplex Terrenos Parcelas Fincas en Llano Real en Pastoriza\" \/>\n<meta name=\"robots\" content=\"index, follow, max-snippet:-1, max-image-preview:large, max-video-preview:-1\" \/>\n<link rel=\"canonical\" href=\"https:\/\/larraneta.com\/eu\/higiezin-zerbitzua\" \/>\n<meta property=\"og:locale\" content=\"en_US\" \/>\n<meta property=\"og:type\" content=\"article\" \/>\n<meta property=\"og:title\" content=\"Inmobiliaria Larra\u00f1eta en Sang\u00fcesa Navarra Pisos Casas D\u00faplex Terrenos Parcelas Fincas\" \/>\n<meta property=\"og:description\" content=\"Inmobiliaria Larra\u00f1eta en Sang\u00fcesa Navarra en venta en alquiler Pisos Casas D\u00faplex Terrenos Parcelas Fincas en Llano Real en Pastoriza\" \/>\n<meta property=\"og:url\" content=\"https:\/\/larraneta.com\/eu\/higiezin-zerbitzua\" \/>\n<meta property=\"og:site_name\" content=\"LARRA\u00d1ETA\" \/>\n<meta property=\"article:modified_time\" content=\"2023-03-20T12:49:12+00:00\" \/>\n<meta name=\"twitter:card\" content=\"summary_large_image\" \/>\n<meta name=\"twitter:label1\" content=\"Est. reading time\" \/>\n\t<meta name=\"twitter:data1\" content=\"1 minutua\" \/>\n<script type=\"application\/ld+json\" class=\"yoast-schema-graph\">{\"@context\":\"https:\/\/schema.org\",\"@graph\":[{\"@type\":\"WebPage\",\"@id\":\"https:\/\/larraneta.com\/eu\/higiezin-zerbitzua\",\"url\":\"https:\/\/larraneta.com\/eu\/higiezin-zerbitzua\",\"name\":\"Inmobiliaria Larra\u00f1eta en Sang\u00fcesa Navarra Pisos Casas D\u00faplex Terrenos Parcelas Fincas\",\"isPartOf\":{\"@id\":\"https:\/\/larraneta.com\/eu\/#website\"},\"datePublished\":\"2023-03-20T11:15:24+00:00\",\"dateModified\":\"2023-03-20T12:49:12+00:00\",\"description\":\"Inmobiliaria Larra\u00f1eta en Sang\u00fcesa Navarra en venta en alquiler Pisos Casas D\u00faplex Terrenos Parcelas Fincas en Llano Real en Pastoriza\",\"breadcrumb\":{\"@id\":\"https:\/\/larraneta.com\/eu\/higiezin-zerbitzua#breadcrumb\"},\"inLanguage\":\"eu\",\"potentialAction\":[{\"@type\":\"ReadAction\",\"target\":[\"https:\/\/larraneta.com\/eu\/higiezin-zerbitzua\"]}]},{\"@type\":\"BreadcrumbList\",\"@id\":\"https:\/\/larraneta.com\/eu\/higiezin-zerbitzua#breadcrumb\",\"itemListElement\":[{\"@type\":\"ListItem\",\"position\":1,\"name\":\"Portada\",\"item\":\"https:\/\/larraneta.com\/eu\/hasierako-orria\"},{\"@type\":\"ListItem\",\"position\":2,\"name\":\"HIGIEZIN-ZERBITZUA\"}]},{\"@type\":\"WebSite\",\"@id\":\"https:\/\/larraneta.com\/eu\/#website\",\"url\":\"https:\/\/larraneta.com\/eu\/\",\"name\":\"LARRA\u00d1ETA\",\"description\":\"\",\"potentialAction\":[{\"@type\":\"SearchAction\",\"target\":{\"@type\":\"EntryPoint\",\"urlTemplate\":\"https:\/\/larraneta.com\/eu\/?s={search_term_string}\"},\"query-input\":{\"@type\":\"PropertyValueSpecification\",\"valueRequired\":true,\"valueName\":\"search_term_string\"}}],\"inLanguage\":\"eu\"}]}<\/script>\n<!-- \/ Yoast SEO plugin. -->","yoast_head_json":{"title":"Inmobiliaria Larra\u00f1eta en Sang\u00fcesa Navarra Pisos Casas D\u00faplex Terrenos Parcelas Fincas","description":"Inmobiliaria Larra\u00f1eta en Sang\u00fcesa Navarra en venta en alquiler Pisos Casas D\u00faplex Terrenos Parcelas Fincas en Llano Real en Pastoriza","robots":{"index":"index","follow":"follow","max-snippet":"max-snippet:-1","max-image-preview":"max-image-preview:large","max-video-preview":"max-video-preview:-1"},"canonical":"https:\/\/larraneta.com\/eu\/higiezin-zerbitzua","og_locale":"en_US","og_type":"article","og_title":"Inmobiliaria Larra\u00f1eta en Sang\u00fcesa Navarra Pisos Casas D\u00faplex Terrenos Parcelas Fincas","og_description":"Inmobiliaria Larra\u00f1eta en Sang\u00fcesa Navarra en venta en alquiler Pisos Casas D\u00faplex Terrenos Parcelas Fincas en Llano Real en Pastoriza","og_url":"https:\/\/larraneta.com\/eu\/higiezin-zerbitzua","og_site_name":"LARRA\u00d1ETA","article_modified_time":"2023-03-20T12:49:12+00:00","twitter_card":"summary_large_image","twitter_misc":{"Est. reading time":"1 minutua"},"schema":{"@context":"https:\/\/schema.org","@graph":[{"@type":"WebPage","@id":"https:\/\/larraneta.com\/eu\/higiezin-zerbitzua","url":"https:\/\/larraneta.com\/eu\/higiezin-zerbitzua","name":"Inmobiliaria Larra\u00f1eta en Sang\u00fcesa Navarra Pisos Casas D\u00faplex Terrenos Parcelas Fincas","isPartOf":{"@id":"https:\/\/larraneta.com\/eu\/#website"},"datePublished":"2023-03-20T11:15:24+00:00","dateModified":"2023-03-20T12:49:12+00:00","description":"Inmobiliaria Larra\u00f1eta en Sang\u00fcesa Navarra en venta en alquiler Pisos Casas D\u00faplex Terrenos Parcelas Fincas en Llano Real en Pastoriza","breadcrumb":{"@id":"https:\/\/larraneta.com\/eu\/higiezin-zerbitzua#breadcrumb"},"inLanguage":"eu","potentialAction":[{"@type":"ReadAction","target":["https:\/\/larraneta.com\/eu\/higiezin-zerbitzua"]}]},{"@type":"BreadcrumbList","@id":"https:\/\/larraneta.com\/eu\/higiezin-zerbitzua#breadcrumb","itemListElement":[{"@type":"ListItem","position":1,"name":"Portada","item":"https:\/\/larraneta.com\/eu\/hasierako-orria"},{"@type":"ListItem","position":2,"name":"HIGIEZIN-ZERBITZUA"}]},{"@type":"WebSite","@id":"https:\/\/larraneta.com\/eu\/#website","url":"https:\/\/larraneta.com\/eu\/","name":"LARRA\u00d1ETA","description":"","potentialAction":[{"@type":"SearchAction","target":{"@type":"EntryPoint","urlTemplate":"https:\/\/larraneta.com\/eu\/?s={search_term_string}"},"query-input":{"@type":"PropertyValueSpecification","valueRequired":true,"valueName":"search_term_string"}}],"inLanguage":"eu"}]}},"_links":{"self":[{"href":"https:\/\/larraneta.com\/eu\/wp-json\/wp\/v2\/pages\/3511"}],"collection":[{"href":"https:\/\/larraneta.com\/eu\/wp-json\/wp\/v2\/pages"}],"about":[{"href":"https:\/\/larraneta.com\/eu\/wp-json\/wp\/v2\/types\/page"}],"author":[{"embeddable":true,"href":"https:\/\/larraneta.com\/eu\/wp-json\/wp\/v2\/users\/1"}],"replies":[{"embeddable":true,"href":"https:\/\/larraneta.com\/eu\/wp-json\/wp\/v2\/comments?post=3511"}],"version-history":[{"count":0,"href":"https:\/\/larraneta.com\/eu\/wp-json\/wp\/v2\/pages\/3511\/revisions"}],"wp:attachment":[{"href":"https:\/\/larraneta.com\/eu\/wp-json\/wp\/v2\/media?parent=3511"}],"curies":[{"name":"wp","href":"https:\/\/api.w.org\/{rel}","templated":true}]}}