{"id":3513,"date":"2023-03-20T11:22:00","date_gmt":"2023-03-20T11:22:00","guid":{"rendered":"https:\/\/larraneta.com\/?page_id=3513"},"modified":"2023-08-30T08:57:32","modified_gmt":"2023-08-30T08:57:32","slug":"harremanetan-jarri","status":"publish","type":"page","link":"https:\/\/larraneta.com\/eu\/harremanetan-jarri","title":{"rendered":"Harremanetan jarri"},"content":{"rendered":"<div class=\"wpb-content-wrapper\"><div class=\"vc_row wpb_row vc_row-fluid\" ><div class=\"wpb_column vc_column_container vc_col-sm-12\"><div class=\"vc_column-inner\"><div class=\"wpb_wrapper\"><div class=\"mkdf-google-map-holder\">\n\t<div class=\"mkdf-google-map\" id=\"mkdf-map-2399979\" data-addresses='[\"Calle Mayor, 81, Sang\u00fcesa, Navarra, Espa\u00f1a\"]' data-custom-map-style=\"yes\" data-color-overlay=\"#393939\" data-saturation=\"-100\" data-lightness=\"0\" data-zoom=\"13\" data-pin=\"https:\/\/larraneta.com\/wp-content\/uploads\/2017\/10\/google-pin-1.png\" data-unique-id=\"2399979\" data-scroll-wheel=\"no\" data-height=\"440\" ><\/div>\n\t\t\t<div class=\"mkdf-google-map-overlay\"><\/div>\n\t<\/div>\n<\/div><\/div><\/div><\/div><div class=\"mkdf-row-grid-section-wrapper\"  style=\"background-color:#b2292e\"><div class=\"mkdf-row-grid-section\"><div class=\"vc_row wpb_row vc_row-fluid vc_custom_1658401151772\" ><div class=\"wpb_column vc_column_container vc_col-sm-12\"><div class=\"vc_column-inner\"><div class=\"wpb_wrapper\"><div class=\"mkdf-elements-holder   mkdf-one-column  mkdf-responsive-mode-768\" ><div class=\"mkdf-eh-item\"  data-item-class=\"mkdf-eh-custom-6671\" data-768-1024=\"37px 0 0\" data-680-768=\"12px 0 10px\">\n\t<div class=\"mkdf-eh-item-inner\">\n\t\t<div class=\"mkdf-eh-item-content mkdf-eh-custom-6671\" >\n\t\t\t<div class=\"mkdf-call-to-action-holder  mkdf-normal-layout  mkdf-two-thirds-columns\">\n\t<div class=\"mkdf-cta-inner\">\n\t\t<div class=\"mkdf-cta-text-holder\">\n\t\t\t<div class=\"mkdf-cta-text\">\n<h3>Etxebizitza, merkataritza-lokala, baratzea edo finka baten bila zabiltza?<\/h3>\n<\/div>\n\t\t<\/div>\n\t\t<div class=\"mkdf-cta-button-holder\" >\n\t\t\t<div class=\"mkdf-cta-button\"><a itemprop=\"url\" href=\"https:\/\/larraneta.com\/eu\/higiezin-zerbitzua\" target=\"_self\" style=\"color: #000000;background-color: #ffffff\" class=\"mkdf-btn mkdf-btn-medium mkdf-btn-solid mkdf-btn-custom-border-hover mkdf-btn-custom-hover-color\" data-hover-color=\"#000000\" data-hover-border-color=\"#000000\" >    <span class=\"mkdf-btn-text\">HIGIEZINEN AGENTZIA<\/span>    <\/a><\/div>\n\t\t<\/div>\n\t<\/div>\n<\/div>\t\t<\/div>\n\t<\/div>\n<\/div><\/div><\/div><\/div><\/div><\/div><\/div><\/div><div class=\"mkdf-row-grid-section-wrapper\"  ><div class=\"mkdf-row-grid-section\"><div class=\"vc_row wpb_row vc_row-fluid vc_custom_1510756575991\" ><div class=\"wpb_column vc_column_container vc_col-sm-12 vc_col-lg-6\"><div class=\"vc_column-inner\"><div class=\"wpb_wrapper\"><div class=\"mkdf-section-title-holder  mkdf-st-standard mkdf-st-title-center mkdf-st-normal-space\" >\n\t<div class=\"mkdf-st-inner\">\n\t\t\t\t\t<h2 class=\"mkdf-st-title\" >\n\t\t\t\tJarri harremanetan Asesor\u00eda Larra\u00f1etarekin\t\t\t<\/h2>\n\t\t\t\t\t\t\t<p class=\"mkdf-st-text\" style=\"font-size: 18px\">\n\t\t\t\tJarri harremanetan edozein kontsulta egoteko edo zalantza argitzeko.\t\t\t<\/p>\n\t\t\t<\/div>\n<\/div><div class=\"vc_empty_space\"   style=\"height: 9px\"><span class=\"vc_empty_space_inner\"><\/span><\/div>\n<div class=\"wpcf7 no-js\" id=\"wpcf7-f3718-o1\" lang=\"en-US\" dir=\"ltr\">\n<div class=\"screen-reader-response\"><p role=\"status\" aria-live=\"polite\" aria-atomic=\"true\"><\/p> <ul><\/ul><\/div>\n<form action=\"\/eu\/wp-json\/wp\/v2\/pages\/3513#wpcf7-f3718-o1\" method=\"post\" class=\"wpcf7-form init cf7_custom_style_1\" aria-label=\"Contact form\" novalidate=\"novalidate\" data-status=\"init\" data-trp-original-action=\"\/eu\/wp-json\/wp\/v2\/pages\/3513#wpcf7-f3718-o1\">\n<div style=\"display: none;\">\n<input type=\"hidden\" name=\"_wpcf7\" value=\"3718\" \/>\n<input type=\"hidden\" name=\"_wpcf7_version\" value=\"5.9.8\" \/>\n<input type=\"hidden\" name=\"_wpcf7_locale\" value=\"en_US\" \/>\n<input type=\"hidden\" name=\"_wpcf7_unit_tag\" value=\"wpcf7-f3718-o1\" \/>\n<input type=\"hidden\" name=\"_wpcf7_container_post\" value=\"0\" \/>\n<input type=\"hidden\" name=\"_wpcf7_posted_data_hash\" value=\"\" \/>\n<\/div>\n<p><label> Izena*<br \/>\n<span class=\"wpcf7-form-control-wrap\" data-name=\"your-name\"><input size=\"40\" maxlength=\"400\" class=\"wpcf7-form-control wpcf7-text wpcf7-validates-as-required\" aria-required=\"true\" aria-invalid=\"false\" value=\"\" type=\"text\" name=\"your-name\" \/><\/span> <\/label>\n<\/p>\n<p><label> Posta elektronikoa*<br \/>\n<span class=\"wpcf7-form-control-wrap\" data-name=\"your-email\"><input size=\"40\" maxlength=\"400\" class=\"wpcf7-form-control wpcf7-email wpcf7-validates-as-required wpcf7-text wpcf7-validates-as-email\" aria-required=\"true\" aria-invalid=\"false\" value=\"\" type=\"email\" name=\"your-email\" \/><\/span> <\/label>\n<\/p>\n<p><label> Gaia*<br \/>\n<span class=\"wpcf7-form-control-wrap\" data-name=\"your-subject\"><input size=\"40\" maxlength=\"400\" class=\"wpcf7-form-control wpcf7-text wpcf7-validates-as-required\" aria-required=\"true\" aria-invalid=\"false\" value=\"\" type=\"text\" name=\"your-subject\" \/><\/span> <\/label>\n<\/p>\n<p><label> Mezua*<br \/>\n<span class=\"wpcf7-form-control-wrap\" data-name=\"your-message\"><textarea cols=\"40\" rows=\"10\" maxlength=\"2000\" class=\"wpcf7-form-control wpcf7-textarea wpcf7-validates-as-required\" aria-required=\"true\" aria-invalid=\"false\" name=\"your-message\"><\/textarea><\/span> <\/label>\n<\/p>\n<p>Datuak babesteko oinarrizko informazioa. Tratamenduaren arduraduna:  ASESOR\u00cdA LARRA\u00d1ETA, S.L. <b>Helburua:<\/b> zure eskaerari erantzutea. Interesdunekin harremanetan jartzea. <b>Eskubideak: <\/b>sarbidea, zuzenketa, ezabatzea. Argibide gehiago nahi baduzu, kontsultatu gure <a href=\"https:\/\/larraneta.com\/politica-de-privacidad\/\">pribatutasun-politika.<\/a>\n<\/p>\n<p><label><span class=\"wpcf7-form-control-wrap\" data-name=\"acceptance-597\"><span class=\"wpcf7-form-control wpcf7-acceptance\"><span class=\"wpcf7-list-item\"><label><input type=\"checkbox\" name=\"acceptance-597\" value=\"1\" aria-invalid=\"false\" \/><span class=\"wpcf7-list-item-label\">pribatutasun-politika.<a href=\"https:\/\/larraneta.com\/politica-de-privacidad\/\">pribatutasun-politika<\/a>*<\/span><\/label><\/span><\/span><\/span><\/label><br \/>\n<br \/>\n<input class=\"wpcf7-form-control wpcf7-submit has-spinner\" type=\"submit\" value=\"IGORRI\" \/>\n<\/p><div class=\"wpcf7-response-output\" aria-hidden=\"true\"><\/div>\n<input type=\"hidden\" name=\"trp-form-language\" value=\"eu\"\/><\/form>\n<\/div>\n<div class=\"vc_empty_space\"   style=\"height: 65px\"><span class=\"vc_empty_space_inner\"><\/span><\/div><\/div><\/div><\/div><div class=\"wpb_column vc_column_container vc_col-sm-12 vc_col-lg-6\"><div class=\"vc_column-inner\"><div class=\"wpb_wrapper\"><div class=\"mkdf-elements-holder   mkdf-one-column  mkdf-responsive-mode-768\" ><div class=\"mkdf-eh-item\"  data-item-class=\"mkdf-eh-custom-7420\" data-768-1024=\"0px 0px 0px 0%\" data-680-768=\"0px 0px 0px 0%\" data-680=\"0px 0px 0px 0%\">\n\t<div class=\"mkdf-eh-item-inner\">\n\t\t<div class=\"mkdf-eh-item-content mkdf-eh-custom-7420\" style=\"padding: 0px 0px 0px 10%\">\n\t\t\t<div class=\"mkdf-section-title-holder  mkdf-st-standard mkdf-st-title-center mkdf-st-normal-space\" >\n\t<div class=\"mkdf-st-inner\">\n\t\t\t\t\t<h2 class=\"mkdf-st-title\" >\n\t\t\t\tArreta pertsonalizatua\t\t\t<\/h2>\n\t\t\t\t\t\t\t<p class=\"mkdf-st-text\" style=\"font-size: 18px\">\n\t\t\t\tAsesor\u00eda Larra\u00f1etak lagunduko dizu\t\t\t<\/p>\n\t\t\t<\/div>\n<\/div><div class=\"vc_empty_space\"   style=\"height: 13px\"><span class=\"vc_empty_space_inner\"><\/span><\/div>\n\t<div class=\"wpb_text_column wpb_content_element\" >\n\t\t<div class=\"wpb_wrapper\">\n\t\t\t<p>Jarri harremanetan gure lantalde profesionalarekin edozein zalantza argitzeko edo iradokizun helarazteko. Kontabilitatearen, zergen, lanaren edo higiezinen arloko aholkularitza behar baduzu, 20 urtetik gorako esperientzia duen gure lantaldeak prozesu osoan lagunduko dizu.<\/p>\n\n\t\t<\/div>\n\t<\/div>\n<div class=\"vc_empty_space\"   style=\"height: 12px\"><span class=\"vc_empty_space_inner\"><\/span><\/div>\n\t<div class=\"wpb_text_column wpb_content_element\" >\n\t\t<div class=\"wpb_wrapper\">\n\t\t\t<p>Zangozan gaude, eta gure bezeroan eskualde osoan dauden. Jarri harremanetan Asesor\u00eda Larra\u00f1eta, eta ahal denik eta azkarren jarriko gara zurekin harremanetan. Zure konfiantzazko aholkularitza gara Zangozan.<\/p>\n\n\t\t<\/div>\n\t<\/div>\n<div class=\"mkdf-separator-holder clearfix  mkdf-separator-center mkdf-separator-full-width\">\n\t<div class=\"mkdf-separator\" style=\"border-color: #e1e1e1;border-bottom-width: 1px;margin-top: 38px;margin-bottom: 40px\"><\/div>\n<\/div>\n<div class=\"mkdf-icon-list-holder\" >\n\t<div class=\"mkdf-il-icon-holder\">\n\t\t<i class=\"mkdf-icon-simple-line-icon icon-location-pin\" style=\"font-size: 13px\"><\/i>\t<\/div>\n\t<p class=\"mkdf-il-text\" style=\"padding-left: 20px\">Kale Nagusia 81, 1.a - 31400 Zangoza (Nafarroa)<\/p>\n<\/div><div class=\"mkdf-icon-list-holder\" >\n\t<div class=\"mkdf-il-icon-holder\">\n\t\t<i class=\"mkdf-icon-simple-line-icon icon-call-end\" style=\"font-size: 13px\"><\/i>\t<\/div>\n\t<p class=\"mkdf-il-text\" style=\"padding-left: 20px\">Dei iezaguzu: +34 948 430 136<\/p>\n<\/div><div class=\"mkdf-icon-list-holder\" >\n\t<div class=\"mkdf-il-icon-holder\">\n\t\t<i class=\"mkdf-icon-simple-line-icon icon-envelope-open\" style=\"font-size: 13px\"><\/i>\t<\/div>\n\t<p class=\"mkdf-il-text\" style=\"padding-left: 20px\">Fax: 948 870 723<\/p>\n<\/div>\n\t<div class=\"wpb_text_column wpb_content_element\" >\n\t\t<div class=\"wpb_wrapper\">\n\t\t\t<p>Informaci\u00f3n General<\/p>\n\n\t\t<\/div>\n\t<\/div>\n<div class=\"mkdf-icon-list-holder\" >\n\t<div class=\"mkdf-il-icon-holder\">\n\t\t<i class=\"mkdf-icon-simple-line-icon icon-envelope\" style=\"font-size: 13px\"><\/i>\t<\/div>\n\t<p class=\"mkdf-il-text\" style=\"padding-left: 20px\">asesoria@larraneta.com<\/p>\n<\/div>\n\t<div class=\"wpb_text_column wpb_content_element\" >\n\t\t<div class=\"wpb_wrapper\">\n\t\t\t<p>Asesor\u00eda Laboral &#8211; Maite Apestegui<\/p>\n\n\t\t<\/div>\n\t<\/div>\n<div class=\"mkdf-icon-list-holder\" >\n\t<div class=\"mkdf-il-icon-holder\">\n\t\t<i class=\"mkdf-icon-simple-line-icon icon-envelope\" style=\"font-size: 13px\"><\/i>\t<\/div>\n\t<p class=\"mkdf-il-text\" style=\"padding-left: 20px\">maite@larraneta.com<\/p>\n<\/div>\n\t<div class=\"wpb_text_column wpb_content_element\" >\n\t\t<div class=\"wpb_wrapper\">\n\t\t\t<p>Asesor\u00eda Inmobiliaria &#8211; I\u00f1aki Ansa<\/p>\n\n\t\t<\/div>\n\t<\/div>\n<div class=\"mkdf-icon-list-holder\" >\n\t<div class=\"mkdf-il-icon-holder\">\n\t\t<i class=\"mkdf-icon-simple-line-icon icon-envelope\" style=\"font-size: 13px\"><\/i>\t<\/div>\n\t<p class=\"mkdf-il-text\" style=\"padding-left: 20px\">inaki@larraneta.com<\/p>\n<\/div><div class=\"vc_empty_space\"   style=\"height: 12px\"><span class=\"vc_empty_space_inner\"><\/span><\/div>\n\t<div class=\"wpb_text_column wpb_content_element\" >\n\t\t<div class=\"wpb_wrapper\">\n\t\t\t<p>No olvides seguirnos en:<\/p>\n\n\t\t<\/div>\n\t<\/div>\n<div class=\"vc_empty_space\"   style=\"height: 12px\"><span class=\"vc_empty_space_inner\"><\/span><\/div>    <span class=\"mkdf-icon-shortcode mkdf-normal\" style=\"margin: 0px 15px 0px 0px\" data-hover-color=\"#ffcc00\" data-color=\"#010101\">\n                    <a itemprop=\"url\" class=\"\" href=\"https:\/\/twitter.com\/\" target=\"_blank\">\n                    <i class=\"mkdf-icon-font-awesome fa fa-linkedin mkdf-icon-element\" style=\"color: #010101;font-size:15px\" ><\/i>                    <\/a>\n            <\/span>\n<div class=\"vc_empty_space\"   style=\"height: 65px\"><span class=\"vc_empty_space_inner\"><\/span><\/div>\t\t<\/div>\n\t<\/div>\n<\/div><\/div><\/div><\/div><\/div><\/div><\/div><\/div><div class=\"mkdf-row-grid-section-wrapper mkdf-parallax-row-holder mkdf-content-aligment-left\" data-parallax-bg-image= \"data-parallax-bg-speed=1\" ><div class=\"mkdf-row-grid-section\"><div class=\"vc_row wpb_row vc_row-fluid vc_custom_1510566085927\" ><div class=\"wpb_column vc_column_container vc_col-sm-12\"><div class=\"vc_column-inner\"><div class=\"wpb_wrapper\"><div class=\"mkdf-elements-holder   mkdf-one-column  mkdf-responsive-mode-768\" ><div class=\"mkdf-eh-item\"  data-item-class=\"mkdf-eh-custom-5108\" data-768-1024=\"37px 0 0\" data-680-768=\"12px 0 10px\">\n\t<div class=\"mkdf-eh-item-inner\">\n\t\t<div class=\"mkdf-eh-item-content mkdf-eh-custom-5108\" >\n\t\t\t<div class=\"mkdf-call-to-action-holder  mkdf-normal-layout mkdf-content-in-grid mkdf-two-thirds-columns\">\n\t<div class=\"mkdf-cta-inner mkdf-grid\">\n\t\t<div class=\"mkdf-cta-text-holder\">\n\t\t\t<div class=\"mkdf-cta-text\">\n<h3>Gure zerga- eta higiezin-aholkularitzako zerbitzuak ezagutu.<\/h3>\n<\/div>\n\t\t<\/div>\n\t\t<div class=\"mkdf-cta-button-holder\" >\n\t\t\t<div class=\"mkdf-cta-button\"><a itemprop=\"url\" href=\"https:\/\/larraneta.com\/asesoria\/\" target=\"_self\" style=\"color: #ffffff\" class=\"mkdf-btn mkdf-btn-medium mkdf-btn-solid\"  >    <span class=\"mkdf-btn-text\">IKUSI ZERBITZUAK<\/span>    <\/a><\/div>\n\t\t<\/div>\n\t<\/div>\n<\/div>\t\t<\/div>\n\t<\/div>\n<\/div><\/div><\/div><\/div><\/div><\/div><\/div><\/div>\n<\/div>","protected":false},"excerpt":{"rendered":"Etxebizitza, merkataritza-lokala, baratzea edo finka baten bila zabiltza? HIGIEZINEN AGENTZIA Jarri harremanetan Asesor\u00eda Larra\u00f1etarekin Jarri harremanetan edozein kontsulta egoteko edo zalantza argitzeko. Izena* Posta elektronikoa* Gaia* Mezua* Datuak babesteko oinarrizko informazioa. Tratamenduaren arduraduna: ASESOR\u00cdA LARRA\u00d1ETA, S.L. Helburua: zure eskaerari erantzutea. Interesdunekin harremanetan jartzea. Eskubideak: sarbidea, [...]","protected":false},"author":1,"featured_media":0,"parent":0,"menu_order":0,"comment_status":"closed","ping_status":"closed","template":"full-width.php","meta":{"om_disable_all_campaigns":false,"_monsterinsights_skip_tracking":false,"_monsterinsights_sitenote_active":false,"_monsterinsights_sitenote_note":"","_monsterinsights_sitenote_category":0,"_uf_show_specific_survey":0,"_uf_disable_surveys":false,"footnotes":""},"aioseo_notices":[],"yoast_head":"<!-- This site is optimized with the Yoast SEO plugin v23.4 - https:\/\/yoast.com\/wordpress\/plugins\/seo\/ -->\n<title>Asesor\u00eda Larra\u00f1eta en Sang\u00fcesa Navarra inmobiliaria auditor\u00eda laboral fiscal calle mayor 81 1\u00ba<\/title>\n<meta name=\"description\" content=\"Asesor\u00eda Larra\u00f1eta en Sang\u00fcesa Navarra inmobiliaria fiscal laboral auditor\u00eda contabilidad gesti\u00f3n contratos en venta en alquiler calle mayor 81 1\u00ba\" \/>\n<meta name=\"robots\" content=\"index, follow, max-snippet:-1, max-image-preview:large, max-video-preview:-1\" \/>\n<link rel=\"canonical\" href=\"https:\/\/larraneta.com\/eu\/harremanetan-jarri\" \/>\n<meta property=\"og:locale\" content=\"en_US\" \/>\n<meta property=\"og:type\" content=\"article\" \/>\n<meta property=\"og:title\" content=\"Asesor\u00eda Larra\u00f1eta en Sang\u00fcesa Navarra inmobiliaria auditor\u00eda laboral fiscal calle mayor 81 1\u00ba\" \/>\n<meta property=\"og:description\" content=\"Asesor\u00eda Larra\u00f1eta en Sang\u00fcesa Navarra inmobiliaria fiscal laboral auditor\u00eda contabilidad gesti\u00f3n contratos en venta en alquiler calle mayor 81 1\u00ba\" \/>\n<meta property=\"og:url\" content=\"https:\/\/larraneta.com\/eu\/harremanetan-jarri\" \/>\n<meta property=\"og:site_name\" content=\"LARRA\u00d1ETA\" \/>\n<meta property=\"article:modified_time\" content=\"2023-08-30T08:57:32+00:00\" \/>\n<meta name=\"twitter:card\" content=\"summary_large_image\" \/>\n<meta name=\"twitter:label1\" content=\"Est. reading time\" \/>\n\t<meta name=\"twitter:data1\" content=\"2 minutua\" \/>\n<script type=\"application\/ld+json\" class=\"yoast-schema-graph\">{\"@context\":\"https:\/\/schema.org\",\"@graph\":[{\"@type\":\"WebPage\",\"@id\":\"https:\/\/larraneta.com\/eu\/harremanetan-jarri\",\"url\":\"https:\/\/larraneta.com\/eu\/harremanetan-jarri\",\"name\":\"Asesor\u00eda Larra\u00f1eta en Sang\u00fcesa Navarra inmobiliaria auditor\u00eda laboral fiscal calle mayor 81 1\u00ba\",\"isPartOf\":{\"@id\":\"https:\/\/larraneta.com\/eu\/#website\"},\"datePublished\":\"2023-03-20T11:22:00+00:00\",\"dateModified\":\"2023-08-30T08:57:32+00:00\",\"description\":\"Asesor\u00eda Larra\u00f1eta en Sang\u00fcesa Navarra inmobiliaria fiscal laboral auditor\u00eda contabilidad gesti\u00f3n contratos en venta en alquiler calle mayor 81 1\u00ba\",\"breadcrumb\":{\"@id\":\"https:\/\/larraneta.com\/eu\/harremanetan-jarri#breadcrumb\"},\"inLanguage\":\"eu\",\"potentialAction\":[{\"@type\":\"ReadAction\",\"target\":[\"https:\/\/larraneta.com\/eu\/harremanetan-jarri\"]}]},{\"@type\":\"BreadcrumbList\",\"@id\":\"https:\/\/larraneta.com\/eu\/harremanetan-jarri#breadcrumb\",\"itemListElement\":[{\"@type\":\"ListItem\",\"position\":1,\"name\":\"Portada\",\"item\":\"https:\/\/larraneta.com\/eu\/hasierako-orria\"},{\"@type\":\"ListItem\",\"position\":2,\"name\":\"Harremanetan jarri\"}]},{\"@type\":\"WebSite\",\"@id\":\"https:\/\/larraneta.com\/eu\/#website\",\"url\":\"https:\/\/larraneta.com\/eu\/\",\"name\":\"LARRA\u00d1ETA\",\"description\":\"\",\"potentialAction\":[{\"@type\":\"SearchAction\",\"target\":{\"@type\":\"EntryPoint\",\"urlTemplate\":\"https:\/\/larraneta.com\/eu\/?s={search_term_string}\"},\"query-input\":{\"@type\":\"PropertyValueSpecification\",\"valueRequired\":true,\"valueName\":\"search_term_string\"}}],\"inLanguage\":\"eu\"}]}<\/script>\n<!-- \/ Yoast SEO plugin. -->","yoast_head_json":{"title":"Asesor\u00eda Larra\u00f1eta en Sang\u00fcesa Navarra inmobiliaria auditor\u00eda laboral fiscal calle mayor 81 1\u00ba","description":"Asesor\u00eda Larra\u00f1eta en Sang\u00fcesa Navarra inmobiliaria fiscal laboral auditor\u00eda contabilidad gesti\u00f3n contratos en venta en alquiler calle mayor 81 1\u00ba","robots":{"index":"index","follow":"follow","max-snippet":"max-snippet:-1","max-image-preview":"max-image-preview:large","max-video-preview":"max-video-preview:-1"},"canonical":"https:\/\/larraneta.com\/eu\/harremanetan-jarri","og_locale":"en_US","og_type":"article","og_title":"Asesor\u00eda Larra\u00f1eta en Sang\u00fcesa Navarra inmobiliaria auditor\u00eda laboral fiscal calle mayor 81 1\u00ba","og_description":"Asesor\u00eda Larra\u00f1eta en Sang\u00fcesa Navarra inmobiliaria fiscal laboral auditor\u00eda contabilidad gesti\u00f3n contratos en venta en alquiler calle mayor 81 1\u00ba","og_url":"https:\/\/larraneta.com\/eu\/harremanetan-jarri","og_site_name":"LARRA\u00d1ETA","article_modified_time":"2023-08-30T08:57:32+00:00","twitter_card":"summary_large_image","twitter_misc":{"Est. reading time":"2 minutua"},"schema":{"@context":"https:\/\/schema.org","@graph":[{"@type":"WebPage","@id":"https:\/\/larraneta.com\/eu\/harremanetan-jarri","url":"https:\/\/larraneta.com\/eu\/harremanetan-jarri","name":"Asesor\u00eda Larra\u00f1eta en Sang\u00fcesa Navarra inmobiliaria auditor\u00eda laboral fiscal calle mayor 81 1\u00ba","isPartOf":{"@id":"https:\/\/larraneta.com\/eu\/#website"},"datePublished":"2023-03-20T11:22:00+00:00","dateModified":"2023-08-30T08:57:32+00:00","description":"Asesor\u00eda Larra\u00f1eta en Sang\u00fcesa Navarra inmobiliaria fiscal laboral auditor\u00eda contabilidad gesti\u00f3n contratos en venta en alquiler calle mayor 81 1\u00ba","breadcrumb":{"@id":"https:\/\/larraneta.com\/eu\/harremanetan-jarri#breadcrumb"},"inLanguage":"eu","potentialAction":[{"@type":"ReadAction","target":["https:\/\/larraneta.com\/eu\/harremanetan-jarri"]}]},{"@type":"BreadcrumbList","@id":"https:\/\/larraneta.com\/eu\/harremanetan-jarri#breadcrumb","itemListElement":[{"@type":"ListItem","position":1,"name":"Portada","item":"https:\/\/larraneta.com\/eu\/hasierako-orria"},{"@type":"ListItem","position":2,"name":"Harremanetan jarri"}]},{"@type":"WebSite","@id":"https:\/\/larraneta.com\/eu\/#website","url":"https:\/\/larraneta.com\/eu\/","name":"LARRA\u00d1ETA","description":"","potentialAction":[{"@type":"SearchAction","target":{"@type":"EntryPoint","urlTemplate":"https:\/\/larraneta.com\/eu\/?s={search_term_string}"},"query-input":{"@type":"PropertyValueSpecification","valueRequired":true,"valueName":"search_term_string"}}],"inLanguage":"eu"}]}},"_links":{"self":[{"href":"https:\/\/larraneta.com\/eu\/wp-json\/wp\/v2\/pages\/3513"}],"collection":[{"href":"https:\/\/larraneta.com\/eu\/wp-json\/wp\/v2\/pages"}],"about":[{"href":"https:\/\/larraneta.com\/eu\/wp-json\/wp\/v2\/types\/page"}],"author":[{"embeddable":true,"href":"https:\/\/larraneta.com\/eu\/wp-json\/wp\/v2\/users\/1"}],"replies":[{"embeddable":true,"href":"https:\/\/larraneta.com\/eu\/wp-json\/wp\/v2\/comments?post=3513"}],"version-history":[{"count":0,"href":"https:\/\/larraneta.com\/eu\/wp-json\/wp\/v2\/pages\/3513\/revisions"}],"wp:attachment":[{"href":"https:\/\/larraneta.com\/eu\/wp-json\/wp\/v2\/media?parent=3513"}],"curies":[{"name":"wp","href":"https:\/\/api.w.org\/{rel}","templated":true}]}}